{"id":1261,"date":"2021-03-09T10:02:59","date_gmt":"2021-03-09T10:02:59","guid":{"rendered":"http:\/\/davilaabogadosaestrada.es\/index.php\/contact\/"},"modified":"2023-07-27T12:58:59","modified_gmt":"2023-07-27T12:58:59","slug":"contactar-con-abogado-especialista-en-a-estrada","status":"publish","type":"page","link":"https:\/\/davilaabogadosaestrada.es\/index.php\/contactar-con-abogado-especialista-en-a-estrada\/","title":{"rendered":"Contactar"},"content":{"rendered":"\t\t<div data-elementor-type=\"wp-page\" data-elementor-id=\"1261\" class=\"elementor elementor-1261\">\n\t\t\t\t\t\t\t\t\t<section data-particle_enable=\"false\" data-particle-mobile-disabled=\"false\" class=\"elementor-section elementor-top-section elementor-element elementor-element-1db77a8 elementor-section-boxed elementor-section-height-default elementor-section-height-default\" data-id=\"1db77a8\" data-element_type=\"section\" data-settings=\"{&quot;background_background&quot;:&quot;classic&quot;}\">\n\t\t\t\t\t\t<div class=\"elementor-container elementor-column-gap-no\">\n\t\t\t\t\t<div class=\"elementor-column elementor-col-100 elementor-top-column elementor-element elementor-element-2cf30fe\" data-id=\"2cf30fe\" data-element_type=\"column\">\n\t\t\t<div class=\"elementor-widget-wrap elementor-element-populated\">\n\t\t\t\t\t\t\t\t<div class=\"elementor-element elementor-element-cd987ff elementor-widget elementor-widget-heading\" data-id=\"cd987ff\" data-element_type=\"widget\" data-widget_type=\"heading.default\">\n\t\t\t\t<div class=\"elementor-widget-container\">\n\t\t\t<style>\/*! elementor - v3.15.0 - 20-08-2023 *\/\n.elementor-heading-title{padding:0;margin:0;line-height:1}.elementor-widget-heading .elementor-heading-title[class*=elementor-size-]>a{color:inherit;font-size:inherit;line-height:inherit}.elementor-widget-heading .elementor-heading-title.elementor-size-small{font-size:15px}.elementor-widget-heading .elementor-heading-title.elementor-size-medium{font-size:19px}.elementor-widget-heading .elementor-heading-title.elementor-size-large{font-size:29px}.elementor-widget-heading .elementor-heading-title.elementor-size-xl{font-size:39px}.elementor-widget-heading .elementor-heading-title.elementor-size-xxl{font-size:59px}<\/style><h1 class=\"elementor-heading-title elementor-size-default\">Contactar con Abogado Especialista en A Estrada<\/h1>\t\t<\/div>\n\t\t\t\t<\/div>\n\t\t\t\t\t<\/div>\n\t\t<\/div>\n\t\t\t\t\t\t\t<\/div>\n\t\t<\/section>\n\t\t\t\t<section data-particle_enable=\"false\" data-particle-mobile-disabled=\"false\" class=\"elementor-section elementor-top-section elementor-element elementor-element-2114059 elementor-hidden-desktop elementor-hidden-tablet elementor-hidden-mobile elementor-section-boxed elementor-section-height-default elementor-section-height-default\" data-id=\"2114059\" data-element_type=\"section\">\n\t\t\t\t\t\t<div class=\"elementor-container elementor-column-gap-default\">\n\t\t\t\t\t<div class=\"elementor-column elementor-col-100 elementor-top-column elementor-element elementor-element-6a4c97d\" data-id=\"6a4c97d\" data-element_type=\"column\">\n\t\t\t<div class=\"elementor-widget-wrap elementor-element-populated\">\n\t\t\t\t\t\t\t\t<div class=\"elementor-element elementor-element-79bb797 elementor-widget elementor-widget-heading\" data-id=\"79bb797\" data-element_type=\"widget\" data-widget_type=\"heading.default\">\n\t\t\t\t<div class=\"elementor-widget-container\">\n\t\t\t<h2 class=\"elementor-heading-title elementor-size-default\"><span style=\"color: rgb(74, 74, 74); font-family: &quot;Times New Roman&quot;, sans-serif; font-size: 17px; white-space-collapse: collapse;\">Contactar con un Abogado Especialista en A Estrada nunca ha sido tan f\u00e1cil. Te ofrecemos todas las v\u00edas de comunicaci\u00f3n para contarnos tu caso y poder estudiarlo. Llama sin compromiso, visita la oficina o rellena el formulario.&nbsp;<\/span><\/h2>\t\t<\/div>\n\t\t\t\t<\/div>\n\t\t\t\t\t<\/div>\n\t\t<\/div>\n\t\t\t\t\t\t\t<\/div>\n\t\t<\/section>\n\t\t\t\t<section data-particle_enable=\"false\" data-particle-mobile-disabled=\"false\" class=\"elementor-section elementor-top-section elementor-element elementor-element-72a7b31 elementor-section-boxed elementor-section-height-default elementor-section-height-default\" data-id=\"72a7b31\" data-element_type=\"section\" data-settings=\"{&quot;background_background&quot;:&quot;classic&quot;}\">\n\t\t\t\t\t\t<div class=\"elementor-container elementor-column-gap-no\">\n\t\t\t\t\t<div class=\"elementor-column elementor-col-50 elementor-top-column elementor-element elementor-element-1daf7b9\" data-id=\"1daf7b9\" data-element_type=\"column\">\n\t\t\t<div class=\"elementor-widget-wrap elementor-element-populated\">\n\t\t\t\t\t\t\t\t<div class=\"elementor-element elementor-element-2b03691 elementor-widget elementor-widget-heading\" data-id=\"2b03691\" data-element_type=\"widget\" data-widget_type=\"heading.default\">\n\t\t\t\t<div class=\"elementor-widget-container\">\n\t\t\t<h2 class=\"elementor-heading-title elementor-size-default\">Informaci\u00f3n de contacto<\/h2>\t\t<\/div>\n\t\t\t\t<\/div>\n\t\t\t\t<div class=\"elementor-element elementor-element-42c003e elementor-widget elementor-widget-text-editor\" data-id=\"42c003e\" data-element_type=\"widget\" data-widget_type=\"text-editor.default\">\n\t\t\t\t<div class=\"elementor-widget-container\">\n\t\t\t<style>\/*! elementor - v3.15.0 - 20-08-2023 *\/\n.elementor-widget-text-editor.elementor-drop-cap-view-stacked .elementor-drop-cap{background-color:#69727d;color:#fff}.elementor-widget-text-editor.elementor-drop-cap-view-framed .elementor-drop-cap{color:#69727d;border:3px solid;background-color:transparent}.elementor-widget-text-editor:not(.elementor-drop-cap-view-default) .elementor-drop-cap{margin-top:8px}.elementor-widget-text-editor:not(.elementor-drop-cap-view-default) .elementor-drop-cap-letter{width:1em;height:1em}.elementor-widget-text-editor .elementor-drop-cap{float:left;text-align:center;line-height:1;font-size:50px}.elementor-widget-text-editor .elementor-drop-cap-letter{display:inline-block}<\/style>\t\t\t\t<p>Llama sin compromiso!<\/p>\t\t\t\t\t\t<\/div>\n\t\t\t\t<\/div>\n\t\t\t\t<div class=\"elementor-element elementor-element-c52dafc elementor-position-left elementor-vertical-align-middle elementor-view-default elementor-mobile-position-top elementor-widget elementor-widget-icon-box\" data-id=\"c52dafc\" data-element_type=\"widget\" data-widget_type=\"icon-box.default\">\n\t\t\t\t<div class=\"elementor-widget-container\">\n\t\t\t<link rel=\"stylesheet\" href=\"https:\/\/davilaabogadosaestrada.es\/wp-content\/plugins\/elementor\/assets\/css\/widget-icon-box.min.css\">\t\t<div class=\"elementor-icon-box-wrapper\">\n\t\t\t\t\t\t<div class=\"elementor-icon-box-icon\">\n\t\t\t\t<span class=\"elementor-icon elementor-animation-\" >\n\t\t\t\t<i aria-hidden=\"true\" class=\"fas fa-map-marker-alt\"><\/i>\t\t\t\t<\/span>\n\t\t\t<\/div>\n\t\t\t\t\t\t<div class=\"elementor-icon-box-content\">\n\t\t\t\t<h4 class=\"elementor-icon-box-title\">\n\t\t\t\t\t<span  >\n\t\t\t\t\t\tC\/ Castelao, B5- BJ 36680 A Estrada \t\t\t\t\t<\/span>\n\t\t\t\t<\/h4>\n\t\t\t\t\t\t\t<\/div>\n\t\t<\/div>\n\t\t\t\t<\/div>\n\t\t\t\t<\/div>\n\t\t\t\t<div class=\"elementor-element elementor-element-38f6260 elementor-position-left elementor-vertical-align-middle elementor-view-default elementor-mobile-position-top elementor-widget elementor-widget-icon-box\" data-id=\"38f6260\" data-element_type=\"widget\" data-widget_type=\"icon-box.default\">\n\t\t\t\t<div class=\"elementor-widget-container\">\n\t\t\t\t\t<div class=\"elementor-icon-box-wrapper\">\n\t\t\t\t\t\t<div class=\"elementor-icon-box-icon\">\n\t\t\t\t<span class=\"elementor-icon elementor-animation-\" >\n\t\t\t\t<i aria-hidden=\"true\" class=\"fas fa-phone-alt\"><\/i>\t\t\t\t<\/span>\n\t\t\t<\/div>\n\t\t\t\t\t\t<div class=\"elementor-icon-box-content\">\n\t\t\t\t<h4 class=\"elementor-icon-box-title\">\n\t\t\t\t\t<span  >\n\t\t\t\t\t\t886 153 776 \/\/ 722 617 492\t\t\t\t\t<\/span>\n\t\t\t\t<\/h4>\n\t\t\t\t\t\t\t<\/div>\n\t\t<\/div>\n\t\t\t\t<\/div>\n\t\t\t\t<\/div>\n\t\t\t\t<div class=\"elementor-element elementor-element-fce20ef elementor-position-left elementor-vertical-align-middle elementor-view-default elementor-mobile-position-top elementor-widget elementor-widget-icon-box\" data-id=\"fce20ef\" data-element_type=\"widget\" data-widget_type=\"icon-box.default\">\n\t\t\t\t<div class=\"elementor-widget-container\">\n\t\t\t\t\t<div class=\"elementor-icon-box-wrapper\">\n\t\t\t\t\t\t<div class=\"elementor-icon-box-icon\">\n\t\t\t\t<span class=\"elementor-icon elementor-animation-\" >\n\t\t\t\t<i aria-hidden=\"true\" class=\"fas fa-envelope\"><\/i>\t\t\t\t<\/span>\n\t\t\t<\/div>\n\t\t\t\t\t\t<div class=\"elementor-icon-box-content\">\n\t\t\t\t<h4 class=\"elementor-icon-box-title\">\n\t\t\t\t\t<span  >\n\t\t\t\t\t\tbeatrizdavilacostas@icloud.com\t\t\t\t\t<\/span>\n\t\t\t\t<\/h4>\n\t\t\t\t\t\t\t<\/div>\n\t\t<\/div>\n\t\t\t\t<\/div>\n\t\t\t\t<\/div>\n\t\t\t\t<div class=\"elementor-element elementor-element-5971aac elementor-position-left elementor-vertical-align-middle elementor-view-default elementor-mobile-position-top elementor-widget elementor-widget-icon-box\" data-id=\"5971aac\" data-element_type=\"widget\" data-widget_type=\"icon-box.default\">\n\t\t\t\t<div class=\"elementor-widget-container\">\n\t\t\t\t\t<div class=\"elementor-icon-box-wrapper\">\n\t\t\t\t\t\t<div class=\"elementor-icon-box-icon\">\n\t\t\t\t<span class=\"elementor-icon elementor-animation-\" >\n\t\t\t\t<i aria-hidden=\"true\" class=\"fas fa-clock\"><\/i>\t\t\t\t<\/span>\n\t\t\t<\/div>\n\t\t\t\t\t\t<div class=\"elementor-icon-box-content\">\n\t\t\t\t<h4 class=\"elementor-icon-box-title\">\n\t\t\t\t\t<span  >\n\t\t\t\t\t\tLunes \u2013 Jueves: 9.30 a 14.00 y 17:00 a 20:30\nViernes: 9.30 \u2013 14.00\t\t\t\t\t<\/span>\n\t\t\t\t<\/h4>\n\t\t\t\t\t\t\t<\/div>\n\t\t<\/div>\n\t\t\t\t<\/div>\n\t\t\t\t<\/div>\n\t\t\t\t\t<\/div>\n\t\t<\/div>\n\t\t\t\t<div class=\"elementor-column elementor-col-50 elementor-top-column elementor-element elementor-element-dfb2e24\" data-id=\"dfb2e24\" data-element_type=\"column\">\n\t\t\t<div class=\"elementor-widget-wrap elementor-element-populated\">\n\t\t\t\t\t\t\t\t<div class=\"elementor-element elementor-element-17973d2 elementor-widget elementor-widget-heading\" data-id=\"17973d2\" data-element_type=\"widget\" data-widget_type=\"heading.default\">\n\t\t\t\t<div class=\"elementor-widget-container\">\n\t\t\t<h3 class=\"elementor-heading-title elementor-size-default\">Formulario<\/h3>\t\t<\/div>\n\t\t\t\t<\/div>\n\t\t\t\t<div class=\"elementor-element elementor-element-f889255 elementor-widget elementor-widget-text-editor\" data-id=\"f889255\" data-element_type=\"widget\" data-widget_type=\"text-editor.default\">\n\t\t\t\t<div class=\"elementor-widget-container\">\n\t\t\t\t\t\t\t<p>Tambi\u00e9n puedes escribirnos mediante el formulario y te daremos respuesta cuanto antes.<\/p>\t\t\t\t\t\t<\/div>\n\t\t\t\t<\/div>\n\t\t\t\t<div class=\"elementor-element elementor-element-fa2fd4c elementor-widget elementor-widget-wpforms\" data-id=\"fa2fd4c\" data-element_type=\"widget\" data-widget_type=\"wpforms.default\">\n\t\t\t\t<div class=\"elementor-widget-container\">\n\t\t\t<div class=\"wpforms-container \" id=\"wpforms-24\"><form id=\"wpforms-form-24\" class=\"wpforms-validate wpforms-form\" data-formid=\"24\" method=\"post\" enctype=\"multipart\/form-data\" action=\"\/index.php\/wp-json\/wp\/v2\/pages\/1261\" data-token=\"671a464406339d3ae2435dec87c6c6c0\"><noscript class=\"wpforms-error-noscript\">Por favor, activa JavaScript en tu navegador para completar este formulario.<\/noscript><div class=\"wpforms-field-container\"><div id=\"wpforms-24-field_0-container\" class=\"wpforms-field wpforms-field-name\" data-field-id=\"0\"><label class=\"wpforms-field-label wpforms-label-hide\" for=\"wpforms-24-field_0\">Nombre <span class=\"wpforms-required-label\">*<\/span><\/label><input type=\"text\" id=\"wpforms-24-field_0\" class=\"wpforms-field-large wpforms-field-required\" name=\"wpforms[fields][0]\" placeholder=\"Nombre\" required><\/div><div id=\"wpforms-24-field_1-container\" class=\"wpforms-field wpforms-field-email\" data-field-id=\"1\"><label class=\"wpforms-field-label wpforms-label-hide\" for=\"wpforms-24-field_1\">Email <span class=\"wpforms-required-label\">*<\/span><\/label><input type=\"email\" id=\"wpforms-24-field_1\" class=\"wpforms-field-large wpforms-field-required\" name=\"wpforms[fields][1]\" placeholder=\"Email\" spellcheck=\"false\" required><\/div><div id=\"wpforms-24-field_3-container\" class=\"wpforms-field wpforms-field-number\" data-field-id=\"3\"><label class=\"wpforms-field-label wpforms-label-hide\" for=\"wpforms-24-field_3\">Tel\u00e9fono <\/label><input type=\"number\" pattern=\"\\d*\" id=\"wpforms-24-field_3\" class=\"wpforms-field-large\" name=\"wpforms[fields][3]\" placeholder=\"Tel\u00e9fono \" ><\/div><div id=\"wpforms-24-field_2-container\" class=\"wpforms-field wpforms-field-textarea\" data-field-id=\"2\"><label class=\"wpforms-field-label wpforms-label-hide\" for=\"wpforms-24-field_2\">Texto <span class=\"wpforms-required-label\">*<\/span><\/label><textarea id=\"wpforms-24-field_2\" class=\"wpforms-field-medium wpforms-field-required\" name=\"wpforms[fields][2]\" placeholder=\"Describe brevemente tu caso\" required><\/textarea><\/div><\/div><!-- .wpforms-field-container --><div class=\"wpforms-submit-container\" ><input type=\"hidden\" name=\"wpforms[id]\" value=\"24\"><input type=\"hidden\" name=\"wpforms[author]\" value=\"1\"><button type=\"submit\" name=\"wpforms[submit]\" id=\"wpforms-submit-24\" class=\"wpforms-submit\" data-alt-text=\"Enviando\" data-submit-text=\"Obt\u00e9n ayuda ahora\" aria-live=\"assertive\" value=\"wpforms-submit\">Obt\u00e9n ayuda ahora<\/button><\/div><\/form><\/div>  <!-- .wpforms-container -->\t\t<\/div>\n\t\t\t\t<\/div>\n\t\t\t\t\t<\/div>\n\t\t<\/div>\n\t\t\t\t\t\t\t<\/div>\n\t\t<\/section>\n\t\t\t\t<section data-particle_enable=\"false\" data-particle-mobile-disabled=\"false\" class=\"elementor-section elementor-top-section elementor-element elementor-element-f8b8a95 elementor-section-boxed elementor-section-height-default elementor-section-height-default\" data-id=\"f8b8a95\" data-element_type=\"section\">\n\t\t\t\t\t\t<div class=\"elementor-container elementor-column-gap-no\">\n\t\t\t\t\t<div class=\"elementor-column elementor-col-100 elementor-top-column elementor-element elementor-element-d00f060\" data-id=\"d00f060\" data-element_type=\"column\">\n\t\t\t<div class=\"elementor-widget-wrap elementor-element-populated\">\n\t\t\t\t\t\t\t\t<div class=\"elementor-element elementor-element-4a9ab37 elementor-widget elementor-widget-google_maps\" data-id=\"4a9ab37\" data-element_type=\"widget\" data-widget_type=\"google_maps.default\">\n\t\t\t\t<div class=\"elementor-widget-container\">\n\t\t\t<style>\/*! elementor - v3.15.0 - 20-08-2023 *\/\n.elementor-widget-google_maps .elementor-widget-container{overflow:hidden}.elementor-widget-google_maps .elementor-custom-embed{line-height:0}.elementor-widget-google_maps iframe{height:300px}<\/style>\t\t<div class=\"elementor-custom-embed\">\n\t\t\t<iframe loading=\"lazy\"\n\t\t\t\t\tsrc=\"https:\/\/maps.google.com\/maps?q=rua%20alfonso%20castelao%20a%20estrada&#038;t=m&#038;z=14&#038;output=embed&#038;iwloc=near\"\n\t\t\t\t\ttitle=\"rua alfonso castelao a estrada\"\n\t\t\t\t\taria-label=\"rua alfonso castelao a estrada\"\n\t\t\t><\/iframe>\n\t\t<\/div>\n\t\t\t\t<\/div>\n\t\t\t\t<\/div>\n\t\t\t\t\t<\/div>\n\t\t<\/div>\n\t\t\t\t\t\t\t<\/div>\n\t\t<\/section>\n\t\t\t\t\t\t\t<\/div>\n\t\t","protected":false},"excerpt":{"rendered":"<p>Contactar con Abogado Especialista en A Estrada Contactar con un Abogado Especialista en A Estrada nunca ha sido tan f\u00e1cil. Te ofrecemos todas las v\u00edas de comunicaci\u00f3n para contarnos tu caso y poder estudiarlo. Llama sin compromiso, visita la oficina o rellena el formulario.&nbsp; Informaci\u00f3n de contacto Llama sin compromiso! C\/ Castelao, B5- BJ 36680 &hellip;<\/p>\n<p class=\"read-more\"> <a class=\"\" href=\"https:\/\/davilaabogadosaestrada.es\/index.php\/contactar-con-abogado-especialista-en-a-estrada\/\"> <span class=\"screen-reader-text\">Contactar<\/span> Leer m\u00e1s &raquo;<\/a><\/p>\n","protected":false},"author":1,"featured_media":0,"parent":0,"menu_order":0,"comment_status":"closed","ping_status":"closed","template":"","meta":{"site-sidebar-layout":"no-sidebar","site-content-layout":"page-builder","ast-global-header-display":"","ast-banner-title-visibility":"","ast-main-header-display":"","ast-hfb-above-header-display":"","ast-hfb-below-header-display":"","ast-hfb-mobile-header-display":"","site-post-title":"disabled","ast-breadcrumbs-content":"disabled","ast-featured-img":"disabled","footer-sml-layout":"","theme-transparent-header-meta":"enabled","adv-header-id-meta":"","stick-header-meta":"","header-above-stick-meta":"","header-main-stick-meta":"","header-below-stick-meta":"","footnotes":""},"class_list":["post-1261","page","type-page","status-publish","hentry"],"yoast_head":"<!-- This site is optimized with the Yoast SEO Premium plugin v20.7 (Yoast SEO v21.0) - https:\/\/yoast.com\/wordpress\/plugins\/seo\/ -->\n<title>Contactar con abogado especialista en A Estrada<\/title>\n<meta name=\"description\" content=\"Contactar con abogado especialista en A Estrada con 25 a\u00f1os de experiencia. Derecho civil, laboral, familia, penal, mercantil, 2\u00aa oportunidad.\" \/>\n<meta name=\"robots\" content=\"index, follow, max-snippet:-1, max-image-preview:large, max-video-preview:-1\" \/>\n<link rel=\"canonical\" href=\"https:\/\/davilaabogadosaestrada.es\/index.php\/contactar-con-abogado-especialista-en-a-estrada\/\" \/>\n<meta property=\"og:locale\" content=\"es_ES\" \/>\n<meta property=\"og:type\" content=\"article\" \/>\n<meta property=\"og:title\" content=\"Contactar\" \/>\n<meta property=\"og:description\" content=\"Contactar con abogado especialista en A Estrada con 25 a\u00f1os de experiencia. Derecho civil, laboral, familia, penal, mercantil, 2\u00aa oportunidad.\" \/>\n<meta property=\"og:url\" content=\"https:\/\/davilaabogadosaestrada.es\/index.php\/contactar-con-abogado-especialista-en-a-estrada\/\" \/>\n<meta property=\"og:site_name\" content=\"Davila Abogados\" \/>\n<meta property=\"article:modified_time\" content=\"2023-07-27T12:58:59+00:00\" \/>\n<meta name=\"twitter:card\" content=\"summary_large_image\" \/>\n<meta name=\"twitter:label1\" content=\"Tiempo de lectura\" \/>\n\t<meta name=\"twitter:data1\" content=\"1 minuto\" \/>\n<script type=\"application\/ld+json\" class=\"yoast-schema-graph\">{\"@context\":\"https:\/\/schema.org\",\"@graph\":[{\"@type\":\"WebPage\",\"@id\":\"https:\/\/davilaabogadosaestrada.es\/index.php\/contactar-con-abogado-especialista-en-a-estrada\/\",\"url\":\"https:\/\/davilaabogadosaestrada.es\/index.php\/contactar-con-abogado-especialista-en-a-estrada\/\",\"name\":\"Contactar con abogado especialista en A Estrada\",\"isPartOf\":{\"@id\":\"https:\/\/davilaabogadosaestrada.es\/#website\"},\"datePublished\":\"2021-03-09T10:02:59+00:00\",\"dateModified\":\"2023-07-27T12:58:59+00:00\",\"description\":\"Contactar con abogado especialista en A Estrada con 25 a\u00f1os de experiencia. Derecho civil, laboral, familia, penal, mercantil, 2\u00aa oportunidad.\",\"breadcrumb\":{\"@id\":\"https:\/\/davilaabogadosaestrada.es\/index.php\/contactar-con-abogado-especialista-en-a-estrada\/#breadcrumb\"},\"inLanguage\":\"es\",\"potentialAction\":[{\"@type\":\"ReadAction\",\"target\":[\"https:\/\/davilaabogadosaestrada.es\/index.php\/contactar-con-abogado-especialista-en-a-estrada\/\"]}]},{\"@type\":\"BreadcrumbList\",\"@id\":\"https:\/\/davilaabogadosaestrada.es\/index.php\/contactar-con-abogado-especialista-en-a-estrada\/#breadcrumb\",\"itemListElement\":[{\"@type\":\"ListItem\",\"position\":1,\"name\":\"Portada\",\"item\":\"https:\/\/davilaabogadosaestrada.es\/\"},{\"@type\":\"ListItem\",\"position\":2,\"name\":\"Contactar\"}]},{\"@type\":\"WebSite\",\"@id\":\"https:\/\/davilaabogadosaestrada.es\/#website\",\"url\":\"https:\/\/davilaabogadosaestrada.es\/\",\"name\":\"Davila Abogados\",\"description\":\"Davila Abogados en A Estrada\",\"publisher\":{\"@id\":\"https:\/\/davilaabogadosaestrada.es\/#organization\"},\"potentialAction\":[{\"@type\":\"SearchAction\",\"target\":{\"@type\":\"EntryPoint\",\"urlTemplate\":\"https:\/\/davilaabogadosaestrada.es\/?s={search_term_string}\"},\"query-input\":\"required name=search_term_string\"}],\"inLanguage\":\"es\"},{\"@type\":\"Organization\",\"@id\":\"https:\/\/davilaabogadosaestrada.es\/#organization\",\"name\":\"Davila Abogados\",\"url\":\"https:\/\/davilaabogadosaestrada.es\/\",\"logo\":{\"@type\":\"ImageObject\",\"inLanguage\":\"es\",\"@id\":\"https:\/\/davilaabogadosaestrada.es\/#\/schema\/logo\/image\/\",\"url\":\"https:\/\/davilaabogadosaestrada.es\/wp-content\/uploads\/2023\/07\/cropped-Imagen-de-WhatsApp-2023-07-17-a-las-13.20-2.png\",\"contentUrl\":\"https:\/\/davilaabogadosaestrada.es\/wp-content\/uploads\/2023\/07\/cropped-Imagen-de-WhatsApp-2023-07-17-a-las-13.20-2.png\",\"width\":179,\"height\":60,\"caption\":\"Davila Abogados\"},\"image\":{\"@id\":\"https:\/\/davilaabogadosaestrada.es\/#\/schema\/logo\/image\/\"}}]}<\/script>\n<!-- \/ Yoast SEO Premium plugin. -->","yoast_head_json":{"title":"Contactar con abogado especialista en A Estrada","description":"Contactar con abogado especialista en A Estrada con 25 a\u00f1os de experiencia. Derecho civil, laboral, familia, penal, mercantil, 2\u00aa oportunidad.","robots":{"index":"index","follow":"follow","max-snippet":"max-snippet:-1","max-image-preview":"max-image-preview:large","max-video-preview":"max-video-preview:-1"},"canonical":"https:\/\/davilaabogadosaestrada.es\/index.php\/contactar-con-abogado-especialista-en-a-estrada\/","og_locale":"es_ES","og_type":"article","og_title":"Contactar","og_description":"Contactar con abogado especialista en A Estrada con 25 a\u00f1os de experiencia. Derecho civil, laboral, familia, penal, mercantil, 2\u00aa oportunidad.","og_url":"https:\/\/davilaabogadosaestrada.es\/index.php\/contactar-con-abogado-especialista-en-a-estrada\/","og_site_name":"Davila Abogados","article_modified_time":"2023-07-27T12:58:59+00:00","twitter_card":"summary_large_image","twitter_misc":{"Tiempo de lectura":"1 minuto"},"schema":{"@context":"https:\/\/schema.org","@graph":[{"@type":"WebPage","@id":"https:\/\/davilaabogadosaestrada.es\/index.php\/contactar-con-abogado-especialista-en-a-estrada\/","url":"https:\/\/davilaabogadosaestrada.es\/index.php\/contactar-con-abogado-especialista-en-a-estrada\/","name":"Contactar con abogado especialista en A Estrada","isPartOf":{"@id":"https:\/\/davilaabogadosaestrada.es\/#website"},"datePublished":"2021-03-09T10:02:59+00:00","dateModified":"2023-07-27T12:58:59+00:00","description":"Contactar con abogado especialista en A Estrada con 25 a\u00f1os de experiencia. Derecho civil, laboral, familia, penal, mercantil, 2\u00aa oportunidad.","breadcrumb":{"@id":"https:\/\/davilaabogadosaestrada.es\/index.php\/contactar-con-abogado-especialista-en-a-estrada\/#breadcrumb"},"inLanguage":"es","potentialAction":[{"@type":"ReadAction","target":["https:\/\/davilaabogadosaestrada.es\/index.php\/contactar-con-abogado-especialista-en-a-estrada\/"]}]},{"@type":"BreadcrumbList","@id":"https:\/\/davilaabogadosaestrada.es\/index.php\/contactar-con-abogado-especialista-en-a-estrada\/#breadcrumb","itemListElement":[{"@type":"ListItem","position":1,"name":"Portada","item":"https:\/\/davilaabogadosaestrada.es\/"},{"@type":"ListItem","position":2,"name":"Contactar"}]},{"@type":"WebSite","@id":"https:\/\/davilaabogadosaestrada.es\/#website","url":"https:\/\/davilaabogadosaestrada.es\/","name":"Davila Abogados","description":"Davila Abogados en A Estrada","publisher":{"@id":"https:\/\/davilaabogadosaestrada.es\/#organization"},"potentialAction":[{"@type":"SearchAction","target":{"@type":"EntryPoint","urlTemplate":"https:\/\/davilaabogadosaestrada.es\/?s={search_term_string}"},"query-input":"required name=search_term_string"}],"inLanguage":"es"},{"@type":"Organization","@id":"https:\/\/davilaabogadosaestrada.es\/#organization","name":"Davila Abogados","url":"https:\/\/davilaabogadosaestrada.es\/","logo":{"@type":"ImageObject","inLanguage":"es","@id":"https:\/\/davilaabogadosaestrada.es\/#\/schema\/logo\/image\/","url":"https:\/\/davilaabogadosaestrada.es\/wp-content\/uploads\/2023\/07\/cropped-Imagen-de-WhatsApp-2023-07-17-a-las-13.20-2.png","contentUrl":"https:\/\/davilaabogadosaestrada.es\/wp-content\/uploads\/2023\/07\/cropped-Imagen-de-WhatsApp-2023-07-17-a-las-13.20-2.png","width":179,"height":60,"caption":"Davila Abogados"},"image":{"@id":"https:\/\/davilaabogadosaestrada.es\/#\/schema\/logo\/image\/"}}]}},"_links":{"self":[{"href":"https:\/\/davilaabogadosaestrada.es\/index.php\/wp-json\/wp\/v2\/pages\/1261","targetHints":{"allow":["GET"]}}],"collection":[{"href":"https:\/\/davilaabogadosaestrada.es\/index.php\/wp-json\/wp\/v2\/pages"}],"about":[{"href":"https:\/\/davilaabogadosaestrada.es\/index.php\/wp-json\/wp\/v2\/types\/page"}],"author":[{"embeddable":true,"href":"https:\/\/davilaabogadosaestrada.es\/index.php\/wp-json\/wp\/v2\/users\/1"}],"replies":[{"embeddable":true,"href":"https:\/\/davilaabogadosaestrada.es\/index.php\/wp-json\/wp\/v2\/comments?post=1261"}],"version-history":[{"count":27,"href":"https:\/\/davilaabogadosaestrada.es\/index.php\/wp-json\/wp\/v2\/pages\/1261\/revisions"}],"predecessor-version":[{"id":1809,"href":"https:\/\/davilaabogadosaestrada.es\/index.php\/wp-json\/wp\/v2\/pages\/1261\/revisions\/1809"}],"wp:attachment":[{"href":"https:\/\/davilaabogadosaestrada.es\/index.php\/wp-json\/wp\/v2\/media?parent=1261"}],"curies":[{"name":"wp","href":"https:\/\/api.w.org\/{rel}","templated":true}]}}